{"id":481,"date":"2023-09-05T15:16:56","date_gmt":"2023-09-05T15:16:56","guid":{"rendered":"https:\/\/chez-beni.ch\/contact-chambre-graechen\/"},"modified":"2023-12-05T15:29:36","modified_gmt":"2023-12-05T15:29:36","slug":"contact-chambre-graechen","status":"publish","type":"page","link":"https:\/\/chez-beni.ch\/fr\/contact-chambre-graechen\/","title":{"rendered":"Contact"},"content":{"rendered":"\n<div class=\"wp-block-uagb-container uagb-block-f75f1be2 alignfull uagb-is-root-container\"><div class=\"uagb-container-inner-blocks-wrap\">\n<div class=\"wp-block-uagb-container uagb-block-fe023c0d\">\n<h1 class=\"wp-block-heading has-contrast-color has-text-color\">Contact Chambre Chez BeNi Gr\u00e4chen<\/h1>\n<\/div>\n<\/div><\/div>\n\n<div class=\"wp-block-uagb-container uagb-block-7ff8fe87 alignfull uagb-is-root-container\"><div class=\"uagb-container-inner-blocks-wrap\">\n<div class=\"wp-block-uagb-container uagb-block-493a7e43\"><p class=\"wpcf7-contact-form-not-found\"><strong>Erreur\u00a0:<\/strong> Formulaire de contact non trouv\u00e9\u00a0!<\/p>\n<\/div>\n\n\n\n<div class=\"wp-block-uagb-container uagb-block-4f9934b0\">\n<div class=\"wp-block-uagb-icon-list uagb-block-6c97c185\"><div class=\"uagb-icon-list__wrap\">\n<div class=\"wp-block-uagb-icon-list-child uagb-block-471b519c\"><a target=\"_self\" aria-label=\"+41 27 956 11 16\" rel=\"noopener noreferrer\" href=\"tel:+41279561116\"> <\/a><span class=\"uagb-icon-list__source-wrap\"><svg xmlns=\"https:\/\/www.w3.org\/2000\/svg\" viewbox=\"0 0 512 512\"><path d=\"M284.6 181.9c-10.28-8.344-25.41-6.875-33.75 3.406C242.4 195.6 243.9 210.7 254.2 219.1c11.31 9.25 17.81 22.69 17.81 36.87c0 14.19-6.5 27.62-17.81 36.87c-10.28 8.406-11.78 23.53-3.375 33.78c4.719 5.812 11.62 8.812 18.56 8.812c5.344 0 10.75-1.781 15.19-5.406c22.53-18.44 35.44-45.4 35.44-74.05S307.1 200.4 284.6 181.9zM345.1 107.1c-10.22-8.344-25.34-6.907-33.78 3.343c-8.406 10.25-6.906 25.37 3.344 33.78c33.88 27.78 53.31 68.18 53.31 110.9s-19.44 83.09-53.31 110.9c-10.25 8.406-11.75 23.53-3.344 33.78c4.75 5.781 11.62 8.781 18.56 8.781c5.375 0 10.75-1.781 15.22-5.438C390.2 367.1 416 313.1 416 255.1S390.2 144.9 345.1 107.1zM406.4 33.15c-10.22-8.344-25.34-6.875-33.78 3.344c-8.406 10.25-6.906 25.37 3.344 33.78C431.9 116.1 464 183.8 464 255.1s-32.09 139.9-88.06 185.7c-10.25 8.406-11.75 23.53-3.344 33.78c4.75 5.781 11.62 8.781 18.56 8.781c5.375 0 10.75-1.781 15.22-5.438C473.5 423.8 512 342.6 512 255.1S473.5 88.15 406.4 33.15zM151.3 174.6C161.1 175.6 172.1 169.5 176 159.6l33.75-84.38C214 64.35 209.1 51.1 200.2 45.86l-67.47-42.17C123.2-2.289 110.9-.8945 102.9 7.08C-34.32 144.3-34.31 367.7 102.9 504.9c7.982 7.984 20.22 9.379 29.75 3.402l67.48-42.19c9.775-6.104 13.9-18.47 9.598-29.3L176 352.5c-3.945-9.963-14.14-16.11-24.73-14.97l-53.24 5.314C78.89 286.7 78.89 225.4 98.06 169.3L151.3 174.6z\"><\/path><\/svg><\/span><span class=\"uagb-icon-list__label\">+41 27 956 11 16<\/span><\/div>\n\n\n\n<div class=\"wp-block-uagb-icon-list-child uagb-block-d7b207be\"><a target=\"_self\" aria-label=\"What's App\" rel=\"noopener noreferrer\" href=\"https:\/\/wa.me\/+41774038181\"> <\/a><span class=\"uagb-icon-list__source-wrap\"><svg xmlns=\"https:\/\/www.w3.org\/2000\/svg\" viewbox=\"0 0 448 512\"><path d=\"M380.9 97.1C339 55.1 283.2 32 223.9 32c-122.4 0-222 99.6-222 222 0 39.1 10.2 77.3 29.6 111L0 480l117.7-30.9c32.4 17.7 68.9 27 106.1 27h.1c122.3 0 224.1-99.6 224.1-222 0-59.3-25.2-115-67.1-157zm-157 341.6c-33.2 0-65.7-8.9-94-25.7l-6.7-4-69.8 18.3L72 359.2l-4.4-7c-18.5-29.4-28.2-63.3-28.2-98.2 0-101.7 82.8-184.5 184.6-184.5 49.3 0 95.6 19.2 130.4 54.1 34.8 34.9 56.2 81.2 56.1 130.5 0 101.8-84.9 184.6-186.6 184.6zm101.2-138.2c-5.5-2.8-32.8-16.2-37.9-18-5.1-1.9-8.8-2.8-12.5 2.8-3.7 5.6-14.3 18-17.6 21.8-3.2 3.7-6.5 4.2-12 1.4-32.6-16.3-54-29.1-75.5-66-5.7-9.8 5.7-9.1 16.3-30.3 1.8-3.7 .9-6.9-.5-9.7-1.4-2.8-12.5-30.1-17.1-41.2-4.5-10.8-9.1-9.3-12.5-9.5-3.2-.2-6.9-.2-10.6-.2-3.7 0-9.7 1.4-14.8 6.9-5.1 5.6-19.4 19-19.4 46.3 0 27.3 19.9 53.7 22.6 57.4 2.8 3.7 39.1 59.7 94.8 83.8 35.2 15.2 49 16.5 66.6 13.9 10.7-1.6 32.8-13.4 37.4-26.4 4.6-13 4.6-24.1 3.2-26.4-1.3-2.5-5-3.9-10.5-6.6z\"><\/path><\/svg><\/span><span class=\"uagb-icon-list__label\">What's App<\/span><\/div>\n\n\n\n<div class=\"wp-block-uagb-icon-list-child uagb-block-9579f168\"><a target=\"_blank\" aria-label=\"Standort auf Google Maps\" rel=\"noopener noreferrer\" href=\"https:\/\/goo.gl\/maps\/y2ZU2ChWR6Ah9Zip9\"> <\/a><span class=\"uagb-icon-list__source-wrap\"><svg xmlns=\"https:\/\/www.w3.org\/2000\/svg\" viewbox=\"0 0 576 512\"><path d=\"M273.2 311.1C241.1 271.9 167.1 174.6 167.1 120C167.1 53.73 221.7 0 287.1 0C354.3 0 408 53.73 408 120C408 174.6 334.9 271.9 302.8 311.1C295.1 321.6 280.9 321.6 273.2 311.1V311.1zM416 503V200.4C419.5 193.5 422.7 186.7 425.6 179.8C426.1 178.6 426.6 177.4 427.1 176.1L543.1 129.7C558.9 123.4 576 135 576 152V422.8C576 432.6 570 441.4 560.9 445.1L416 503zM15.09 187.3L137.6 138.3C140 152.5 144.9 166.6 150.4 179.8C153.3 186.7 156.5 193.5 160 200.4V451.8L32.91 502.7C17.15 508.1 0 497.4 0 480.4V209.6C0 199.8 5.975 190.1 15.09 187.3H15.09zM384 504.3L191.1 449.4V255C212.5 286.3 234.3 314.6 248.2 331.1C268.7 357.6 307.3 357.6 327.8 331.1C341.7 314.6 363.5 286.3 384 255L384 504.3z\"><\/path><\/svg><\/span><span class=\"uagb-icon-list__label\">Localisation sur Google Maps<\/span><\/div>\n<\/div><\/div>\n<\/div>\n<\/div><\/div>\n\n<div class=\"wp-block-uagb-container uagb-block-059685c3 alignfull uagb-is-root-container\"><div class=\"uagb-container-inner-blocks-wrap\">\n<div class=\"wp-block-uagb-container uagb-block-1572cb18\">\n<h2 class=\"wp-block-heading has-contrast-color has-text-color\">Tes h\u00f4tes \u00e0 Gr\u00e4chen<\/h2>\n\n\n\n<p class=\"has-contrast-color has-text-color\">Clea et Alex, nous avons toujours \u00e9t\u00e9 comme la poix et le soufre. Pourquoi ? Nous sommes jumeaux.<\/p>\n\n\n\n<p class=\"has-contrast-color has-text-color\">Notre r\u00eave a toujours \u00e9t\u00e9 d'ouvrir une auberge de jeunesse. Avoir des v\u00e9t\u00e9tistes, des amateurs de sports d'hiver et des personnes en qu\u00eate d'aventures dans notre \u00e9tablissement est pour nous la plus grande des choses. Nous sommes nous-m\u00eames tr\u00e8s actifs, il se passe toujours quelque chose chez nous.  <\/p>\n\n\n\n<p class=\"has-contrast-color has-text-color\">Nous avons transform\u00e9 nous-m\u00eames notre Room`s chez BeNi avec beaucoup de passion. Nous y avons pass\u00e9 des jours et des nuits. La joie est d'autant plus grande lorsque tu viens nous rendre visite !<\/p>\n\n\n\n<div class=\"wp-block-buttons is-layout-flex wp-block-buttons-is-layout-flex\">\n<div class=\"wp-block-button\"><a class=\"wp-block-button__link wp-element-button\" href=\"tel:+41774038181\" style=\"border-radius:3px\">+41 77 403 81 81  <\/a><\/div>\n<\/div>\n<\/div>\n\n\n\n<div class=\"wp-block-uagb-container gastgeber uagb-block-8ec8a445\">\n<div style=\"height:25px\" aria-hidden=\"true\" class=\"wp-block-spacer uag-hide-mob\"><\/div>\n\n\n\n<figure class=\"wp-block-image size-large animated fadeInUp\"><img loading=\"lazy\" decoding=\"async\" width=\"1024\" height=\"683\" src=\"https:\/\/chez-beni.ch\/wp-content\/uploads\/2023\/09\/gastgeber-chez-beni-graechen-alex-clea-1024x683.jpg\" alt=\"Clea et Alex, tes h&#xF4;tes &#xE0; Gr&#xE4;chen\" class=\"wp-image-131\" srcset=\"https:\/\/chez-beni.ch\/wp-content\/uploads\/2023\/09\/gastgeber-chez-beni-graechen-alex-clea-1024x683.jpg 1024w, https:\/\/chez-beni.ch\/wp-content\/uploads\/2023\/09\/gastgeber-chez-beni-graechen-alex-clea-300x200.jpg 300w, https:\/\/chez-beni.ch\/wp-content\/uploads\/2023\/09\/gastgeber-chez-beni-graechen-alex-clea-768x512.jpg 768w, https:\/\/chez-beni.ch\/wp-content\/uploads\/2023\/09\/gastgeber-chez-beni-graechen-alex-clea.jpg 1200w\" sizes=\"auto, (max-width: 1024px) 100vw, 1024px\" \/><\/figure>\n<\/div>\n<\/div><\/div>\n","protected":false},"excerpt":{"rendered":"<p>Contact Chambre Chez BeNi Gr\u00e4chen<\/p>\n","protected":false},"author":1,"featured_media":0,"parent":0,"menu_order":0,"comment_status":"closed","ping_status":"closed","template":"","meta":{"inline_featured_image":false,"_uag_custom_page_level_css":"","footnotes":""},"class_list":["post-481","page","type-page","status-publish","hentry"],"yoast_head":"<!-- This site is optimized with the Yoast SEO plugin v27.2 - https:\/\/yoast.com\/product\/yoast-seo-wordpress\/ -->\n<title>Contact - Room&#039;s chez BeNi in Gr\u00e4chen<\/title>\n<meta name=\"robots\" content=\"index, follow, max-snippet:-1, max-image-preview:large, max-video-preview:-1\" \/>\n<link rel=\"canonical\" href=\"https:\/\/chez-beni.ch\/fr\/contact-chambre-graechen\/\" \/>\n<meta property=\"og:locale\" content=\"fr_FR\" \/>\n<meta property=\"og:type\" content=\"article\" \/>\n<meta property=\"og:title\" content=\"Contact - Room&#039;s chez BeNi in Gr\u00e4chen\" \/>\n<meta property=\"og:description\" content=\"Contact Chambre Chez BeNi Gr\u00e4chen\" \/>\n<meta property=\"og:url\" content=\"https:\/\/chez-beni.ch\/fr\/contact-chambre-graechen\/\" \/>\n<meta property=\"og:site_name\" content=\"Room&#039;s chez BeNi in Gr\u00e4chen\" \/>\n<meta property=\"article:publisher\" content=\"https:\/\/www.facebook.com\/rooms.chezbeni.1\" \/>\n<meta property=\"article:modified_time\" content=\"2023-12-05T15:29:36+00:00\" \/>\n<meta name=\"twitter:card\" content=\"summary_large_image\" \/>\n<meta name=\"twitter:label1\" content=\"Dur\u00e9e de lecture estim\u00e9e\" \/>\n\t<meta name=\"twitter:data1\" content=\"1 minute\" \/>\n<script type=\"application\/ld+json\" class=\"yoast-schema-graph\">{\"@context\":\"https:\/\/schema.org\",\"@graph\":[{\"@type\":\"WebPage\",\"@id\":\"https:\/\/chez-beni.ch\/fr\/contact-chambre-graechen\/\",\"url\":\"https:\/\/chez-beni.ch\/fr\/contact-chambre-graechen\/\",\"name\":\"Contact - Room&#039;s chez BeNi in Gr\u00e4chen\",\"isPartOf\":{\"@id\":\"https:\/\/chez-beni.ch\/fr\/#website\"},\"datePublished\":\"2023-09-05T15:16:56+00:00\",\"dateModified\":\"2023-12-05T15:29:36+00:00\",\"breadcrumb\":{\"@id\":\"https:\/\/chez-beni.ch\/fr\/contact-chambre-graechen\/#breadcrumb\"},\"inLanguage\":\"fr-FR\",\"potentialAction\":[{\"@type\":\"ReadAction\",\"target\":[\"https:\/\/chez-beni.ch\/fr\/contact-chambre-graechen\/\"]}]},{\"@type\":\"BreadcrumbList\",\"@id\":\"https:\/\/chez-beni.ch\/fr\/contact-chambre-graechen\/#breadcrumb\",\"itemListElement\":[{\"@type\":\"ListItem\",\"position\":1,\"name\":\"Startseite\",\"item\":\"https:\/\/chez-beni.ch\/fr\/\"},{\"@type\":\"ListItem\",\"position\":2,\"name\":\"Contact\"}]},{\"@type\":\"WebSite\",\"@id\":\"https:\/\/chez-beni.ch\/fr\/#website\",\"url\":\"https:\/\/chez-beni.ch\/fr\/\",\"name\":\"Room&#039;s chez BeNi in Gr\u00e4chen\",\"description\":\"\",\"publisher\":{\"@id\":\"https:\/\/chez-beni.ch\/fr\/#organization\"},\"potentialAction\":[{\"@type\":\"SearchAction\",\"target\":{\"@type\":\"EntryPoint\",\"urlTemplate\":\"https:\/\/chez-beni.ch\/fr\/?s={search_term_string}\"},\"query-input\":{\"@type\":\"PropertyValueSpecification\",\"valueRequired\":true,\"valueName\":\"search_term_string\"}}],\"inLanguage\":\"fr-FR\"},{\"@type\":\"Organization\",\"@id\":\"https:\/\/chez-beni.ch\/fr\/#organization\",\"name\":\"Room&#039;s chez BeNi in Gr\u00e4chen\",\"url\":\"https:\/\/chez-beni.ch\/fr\/\",\"logo\":{\"@type\":\"ImageObject\",\"inLanguage\":\"fr-FR\",\"@id\":\"https:\/\/chez-beni.ch\/fr\/#\/schema\/logo\/image\/\",\"url\":\"https:\/\/chez-beni.ch\/wp-content\/uploads\/2023\/08\/favicon.png\",\"contentUrl\":\"https:\/\/chez-beni.ch\/wp-content\/uploads\/2023\/08\/favicon.png\",\"width\":310,\"height\":310,\"caption\":\"Room&#039;s chez BeNi in Gr\u00e4chen\"},\"image\":{\"@id\":\"https:\/\/chez-beni.ch\/fr\/#\/schema\/logo\/image\/\"},\"sameAs\":[\"https:\/\/www.facebook.com\/rooms.chezbeni.1\",\"https:\/\/www.instagram.com\/chez_beni\/\"]}]}<\/script>\n<!-- \/ Yoast SEO plugin. -->","yoast_head_json":{"title":"Contact - Room&#039;s chez BeNi in Gr\u00e4chen","robots":{"index":"index","follow":"follow","max-snippet":"max-snippet:-1","max-image-preview":"max-image-preview:large","max-video-preview":"max-video-preview:-1"},"canonical":"https:\/\/chez-beni.ch\/fr\/contact-chambre-graechen\/","og_locale":"fr_FR","og_type":"article","og_title":"Contact - Room&#039;s chez BeNi in Gr\u00e4chen","og_description":"Contact Chambre Chez BeNi Gr\u00e4chen","og_url":"https:\/\/chez-beni.ch\/fr\/contact-chambre-graechen\/","og_site_name":"Room&#039;s chez BeNi in Gr\u00e4chen","article_publisher":"https:\/\/www.facebook.com\/rooms.chezbeni.1","article_modified_time":"2023-12-05T15:29:36+00:00","twitter_card":"summary_large_image","twitter_misc":{"Dur\u00e9e de lecture estim\u00e9e":"1 minute"},"schema":{"@context":"https:\/\/schema.org","@graph":[{"@type":"WebPage","@id":"https:\/\/chez-beni.ch\/fr\/contact-chambre-graechen\/","url":"https:\/\/chez-beni.ch\/fr\/contact-chambre-graechen\/","name":"Contact - Room&#039;s chez BeNi in Gr\u00e4chen","isPartOf":{"@id":"https:\/\/chez-beni.ch\/fr\/#website"},"datePublished":"2023-09-05T15:16:56+00:00","dateModified":"2023-12-05T15:29:36+00:00","breadcrumb":{"@id":"https:\/\/chez-beni.ch\/fr\/contact-chambre-graechen\/#breadcrumb"},"inLanguage":"fr-FR","potentialAction":[{"@type":"ReadAction","target":["https:\/\/chez-beni.ch\/fr\/contact-chambre-graechen\/"]}]},{"@type":"BreadcrumbList","@id":"https:\/\/chez-beni.ch\/fr\/contact-chambre-graechen\/#breadcrumb","itemListElement":[{"@type":"ListItem","position":1,"name":"Startseite","item":"https:\/\/chez-beni.ch\/fr\/"},{"@type":"ListItem","position":2,"name":"Contact"}]},{"@type":"WebSite","@id":"https:\/\/chez-beni.ch\/fr\/#website","url":"https:\/\/chez-beni.ch\/fr\/","name":"Room&#039;s chez BeNi in Gr\u00e4chen","description":"","publisher":{"@id":"https:\/\/chez-beni.ch\/fr\/#organization"},"potentialAction":[{"@type":"SearchAction","target":{"@type":"EntryPoint","urlTemplate":"https:\/\/chez-beni.ch\/fr\/?s={search_term_string}"},"query-input":{"@type":"PropertyValueSpecification","valueRequired":true,"valueName":"search_term_string"}}],"inLanguage":"fr-FR"},{"@type":"Organization","@id":"https:\/\/chez-beni.ch\/fr\/#organization","name":"Room&#039;s chez BeNi in Gr\u00e4chen","url":"https:\/\/chez-beni.ch\/fr\/","logo":{"@type":"ImageObject","inLanguage":"fr-FR","@id":"https:\/\/chez-beni.ch\/fr\/#\/schema\/logo\/image\/","url":"https:\/\/chez-beni.ch\/wp-content\/uploads\/2023\/08\/favicon.png","contentUrl":"https:\/\/chez-beni.ch\/wp-content\/uploads\/2023\/08\/favicon.png","width":310,"height":310,"caption":"Room&#039;s chez BeNi in Gr\u00e4chen"},"image":{"@id":"https:\/\/chez-beni.ch\/fr\/#\/schema\/logo\/image\/"},"sameAs":["https:\/\/www.facebook.com\/rooms.chezbeni.1","https:\/\/www.instagram.com\/chez_beni\/"]}]}},"uagb_featured_image_src":{"full":false,"thumbnail":false,"medium":false,"medium_large":false,"large":false,"1536x1536":false,"2048x2048":false},"uagb_author_info":{"display_name":"admin","author_link":"https:\/\/chez-beni.ch\/fr\/author\/adminicheben\/"},"uagb_comment_info":0,"uagb_excerpt":"Contact Chambre Chez BeNi Gr\u00e4chen","_links":{"self":[{"href":"https:\/\/chez-beni.ch\/fr\/wp-json\/wp\/v2\/pages\/481","targetHints":{"allow":["GET"]}}],"collection":[{"href":"https:\/\/chez-beni.ch\/fr\/wp-json\/wp\/v2\/pages"}],"about":[{"href":"https:\/\/chez-beni.ch\/fr\/wp-json\/wp\/v2\/types\/page"}],"author":[{"embeddable":true,"href":"https:\/\/chez-beni.ch\/fr\/wp-json\/wp\/v2\/users\/1"}],"replies":[{"embeddable":true,"href":"https:\/\/chez-beni.ch\/fr\/wp-json\/wp\/v2\/comments?post=481"}],"version-history":[{"count":2,"href":"https:\/\/chez-beni.ch\/fr\/wp-json\/wp\/v2\/pages\/481\/revisions"}],"predecessor-version":[{"id":531,"href":"https:\/\/chez-beni.ch\/fr\/wp-json\/wp\/v2\/pages\/481\/revisions\/531"}],"wp:attachment":[{"href":"https:\/\/chez-beni.ch\/fr\/wp-json\/wp\/v2\/media?parent=481"}],"curies":[{"name":"wp","href":"https:\/\/api.w.org\/{rel}","templated":true}]}}