{"id":460,"date":"2023-12-04T19:35:10","date_gmt":"2023-12-04T19:35:10","guid":{"rendered":"https:\/\/chez-beni.ch\/mentions-legales\/"},"modified":"2023-12-05T15:31:04","modified_gmt":"2023-12-05T15:31:04","slug":"mentions-legales","status":"publish","type":"page","link":"https:\/\/chez-beni.ch\/fr\/mentions-legales\/","title":{"rendered":"Mentions l\u00e9gales"},"content":{"rendered":"\n<div class=\"wp-block-uagb-container uagb-block-f75f1be2 alignfull uagb-is-root-container\"><div class=\"uagb-container-inner-blocks-wrap\">\n<div class=\"wp-block-uagb-container uagb-block-fe023c0d\">\n<h1 class=\"wp-block-heading has-contrast-color has-text-color\">Mentions l\u00e9gales<\/h1>\n<\/div>\n<\/div><\/div>\n\n<div class=\"wp-block-uagb-container uagb-block-7ff8fe87 alignfull uagb-is-root-container\"><div class=\"uagb-container-inner-blocks-wrap\">\n<div class=\"wp-block-uagb-container uagb-block-493a7e43\">\n<p><strong>Instance responsable :<\/strong><br\/>Chez BeNi GmbH<br\/>Maison du Grand-Ma\u00eetre 456<br\/>3925 Gr\u00e4chen<br\/>Suisse<br\/><strong>Courrier \u00e9lectronique<\/strong>: <a href=\"mailto:info@chez-beni.ch\">info@chez-beni.ch<\/a><\/p>\n\n\n\n<p><strong>Personnes autoris\u00e9es \u00e0 repr\u00e9senter l'association<\/strong><br\/>Alexander Vinzenz Hans Ris<\/p>\n\n\n\n<p><strong>Nom de l'entreprise<\/strong>: Chez BeNi GmbH<br\/><strong>Num\u00e9ro d'enregistrement<\/strong>: CHE-402.462.193<br\/><strong>Num\u00e9ro d'identification de la taxe sur le chiffre d'affaires<\/strong>: CHE-402.462.193 TVA<\/p>\n\n\n\n<p><strong>Clause de non-responsabilit\u00e9<\/strong><br\/>L'auteur ne garantit pas l'exactitude, la pr\u00e9cision, l'actualit\u00e9, la fiabilit\u00e9 et l'exhaustivit\u00e9 des informations.<br\/>L'auteur ne saurait \u00eatre tenu pour responsable des dommages mat\u00e9riels ou immat\u00e9riels qui pourraient \u00eatre caus\u00e9s par l'acc\u00e8s aux informations diffus\u00e9es ou par leur utilisation ou non-utilisation, par le mauvais usage de la connexion ou par des probl\u00e8mes techniques.<\/p>\n\n\n\n<p>Toutes les offres sont sans engagement. L'auteur se r\u00e9serve express\u00e9ment le droit de modifier, de compl\u00e9ter ou de supprimer des parties de pages ou l'ensemble de l'offre sans avis pr\u00e9alable, ou d'en suspendre temporairement ou d\u00e9finitivement la publication.<\/p>\n\n\n\n<p><strong>Exclusion de responsabilit\u00e9 pour les contenus et les liens<\/strong><br\/>Les renvois et liens vers des sites web de tiers ne rel\u00e8vent pas de notre responsabilit\u00e9. Nous d\u00e9clinons toute responsabilit\u00e9 pour de tels sites. L'acc\u00e8s \u00e0 de tels sites et leur utilisation se font aux risques et p\u00e9rils de l'utilisateur concern\u00e9.<\/p>\n\n\n\n<p><strong>D\u00e9claration de droits d'auteur<\/strong><br\/>Les droits d'auteur et tous les autres droits li\u00e9s aux contenus, images, photos ou autres fichiers de ce site Internet appartiennent exclusivement \u00e0 Chez BeNi GmbH ou aux titulaires de droits sp\u00e9cialement cit\u00e9s. Pour la reproduction de tout \u00e9l\u00e9ment, l'accord \u00e9crit du d\u00e9tenteur des droits d'auteur doit \u00eatre obtenu au pr\u00e9alable.<\/p>\n\n\n\n<p><strong>Source<\/strong>: <a href=\"https:\/\/brainbox.swiss\/\">BrainBox Solutions<\/a><\/p>\n\n\n\n<div style=\"height:50px\" aria-hidden=\"true\" class=\"wp-block-spacer\"><\/div>\n\n\n\n<h2 class=\"wp-block-heading\">Webdesign du Haut-Valais<\/h2>\n\n\n\n<p><a href=\"https:\/\/www.augensaft.com\" target=\"_blank\" rel=\"noreferrer noopener\">www.augensaft.com<\/a><\/p>\n<\/div>\n<\/div><\/div>\n","protected":false},"excerpt":{"rendered":"<p>Mentions l\u00e9gales Instance responsable :Chez BeNi GmbHMaison du Grand-Ma\u00eetre 4563925 Gr\u00e4chenSuisseCourrier \u00e9lectronique: info@chez-beni.ch Personnes autoris\u00e9es \u00e0 repr\u00e9senter l'associationAlexander Vinzenz Hans Ris Nom de l'entreprise: Chez BeNi GmbHNum\u00e9ro d'enregistrement: CHE-402.462.193Num\u00e9ro d'identification de la taxe sur le chiffre d'affaires: CHE-402.462.193 TVA Clause de non-responsabilit\u00e9L'auteur ne garantit pas l'exactitude, la pr\u00e9cision, l'actualit\u00e9, la fiabilit\u00e9 et l'exhaustivit\u00e9 des informations.L'auteur [&hellip;]<\/p>\n","protected":false},"author":1,"featured_media":0,"parent":0,"menu_order":0,"comment_status":"closed","ping_status":"closed","template":"","meta":{"inline_featured_image":false,"_uag_custom_page_level_css":"","footnotes":""},"class_list":["post-460","page","type-page","status-publish","hentry"],"yoast_head":"<!-- This site is optimized with the Yoast SEO plugin v27.2 - https:\/\/yoast.com\/product\/yoast-seo-wordpress\/ -->\n<title>Mentions l\u00e9gales - Room&#039;s chez BeNi in Gr\u00e4chen<\/title>\n<meta name=\"robots\" content=\"index, follow, max-snippet:-1, max-image-preview:large, max-video-preview:-1\" \/>\n<link rel=\"canonical\" href=\"https:\/\/chez-beni.ch\/fr\/mentions-legales\/\" \/>\n<meta property=\"og:locale\" content=\"fr_FR\" \/>\n<meta property=\"og:type\" content=\"article\" \/>\n<meta property=\"og:title\" content=\"Mentions l\u00e9gales - Room&#039;s chez BeNi in Gr\u00e4chen\" \/>\n<meta property=\"og:description\" content=\"Mentions l\u00e9gales Instance responsable :Chez BeNi GmbHMaison du Grand-Ma\u00eetre 4563925 Gr\u00e4chenSuisseCourrier \u00e9lectronique: info@chez-beni.ch Personnes autoris\u00e9es \u00e0 repr\u00e9senter l&#039;associationAlexander Vinzenz Hans Ris Nom de l&#039;entreprise: Chez BeNi GmbHNum\u00e9ro d&#039;enregistrement: CHE-402.462.193Num\u00e9ro d&#039;identification de la taxe sur le chiffre d&#039;affaires: CHE-402.462.193 TVA Clause de non-responsabilit\u00e9L&#039;auteur ne garantit pas l&#039;exactitude, la pr\u00e9cision, l&#039;actualit\u00e9, la fiabilit\u00e9 et l&#039;exhaustivit\u00e9 des informations.L&#039;auteur [&hellip;]\" \/>\n<meta property=\"og:url\" content=\"https:\/\/chez-beni.ch\/fr\/mentions-legales\/\" \/>\n<meta property=\"og:site_name\" content=\"Room&#039;s chez BeNi in Gr\u00e4chen\" \/>\n<meta property=\"article:publisher\" content=\"https:\/\/www.facebook.com\/rooms.chezbeni.1\" \/>\n<meta property=\"article:modified_time\" content=\"2023-12-05T15:31:04+00:00\" \/>\n<meta name=\"twitter:card\" content=\"summary_large_image\" \/>\n<meta name=\"twitter:label1\" content=\"Dur\u00e9e de lecture estim\u00e9e\" \/>\n\t<meta name=\"twitter:data1\" content=\"2 minutes\" \/>\n<script type=\"application\/ld+json\" class=\"yoast-schema-graph\">{\"@context\":\"https:\/\/schema.org\",\"@graph\":[{\"@type\":\"WebPage\",\"@id\":\"https:\/\/chez-beni.ch\/fr\/mentions-legales\/\",\"url\":\"https:\/\/chez-beni.ch\/fr\/mentions-legales\/\",\"name\":\"Mentions l\u00e9gales - Room&#039;s chez BeNi in Gr\u00e4chen\",\"isPartOf\":{\"@id\":\"https:\/\/chez-beni.ch\/fr\/#website\"},\"datePublished\":\"2023-12-04T19:35:10+00:00\",\"dateModified\":\"2023-12-05T15:31:04+00:00\",\"breadcrumb\":{\"@id\":\"https:\/\/chez-beni.ch\/fr\/mentions-legales\/#breadcrumb\"},\"inLanguage\":\"fr-FR\",\"potentialAction\":[{\"@type\":\"ReadAction\",\"target\":[\"https:\/\/chez-beni.ch\/fr\/mentions-legales\/\"]}]},{\"@type\":\"BreadcrumbList\",\"@id\":\"https:\/\/chez-beni.ch\/fr\/mentions-legales\/#breadcrumb\",\"itemListElement\":[{\"@type\":\"ListItem\",\"position\":1,\"name\":\"Startseite\",\"item\":\"https:\/\/chez-beni.ch\/fr\/\"},{\"@type\":\"ListItem\",\"position\":2,\"name\":\"Mentions l\u00e9gales\"}]},{\"@type\":\"WebSite\",\"@id\":\"https:\/\/chez-beni.ch\/fr\/#website\",\"url\":\"https:\/\/chez-beni.ch\/fr\/\",\"name\":\"Room&#039;s chez BeNi in Gr\u00e4chen\",\"description\":\"\",\"publisher\":{\"@id\":\"https:\/\/chez-beni.ch\/fr\/#organization\"},\"potentialAction\":[{\"@type\":\"SearchAction\",\"target\":{\"@type\":\"EntryPoint\",\"urlTemplate\":\"https:\/\/chez-beni.ch\/fr\/?s={search_term_string}\"},\"query-input\":{\"@type\":\"PropertyValueSpecification\",\"valueRequired\":true,\"valueName\":\"search_term_string\"}}],\"inLanguage\":\"fr-FR\"},{\"@type\":\"Organization\",\"@id\":\"https:\/\/chez-beni.ch\/fr\/#organization\",\"name\":\"Room&#039;s chez BeNi in Gr\u00e4chen\",\"url\":\"https:\/\/chez-beni.ch\/fr\/\",\"logo\":{\"@type\":\"ImageObject\",\"inLanguage\":\"fr-FR\",\"@id\":\"https:\/\/chez-beni.ch\/fr\/#\/schema\/logo\/image\/\",\"url\":\"https:\/\/chez-beni.ch\/wp-content\/uploads\/2023\/08\/favicon.png\",\"contentUrl\":\"https:\/\/chez-beni.ch\/wp-content\/uploads\/2023\/08\/favicon.png\",\"width\":310,\"height\":310,\"caption\":\"Room&#039;s chez BeNi in Gr\u00e4chen\"},\"image\":{\"@id\":\"https:\/\/chez-beni.ch\/fr\/#\/schema\/logo\/image\/\"},\"sameAs\":[\"https:\/\/www.facebook.com\/rooms.chezbeni.1\",\"https:\/\/www.instagram.com\/chez_beni\/\"]}]}<\/script>\n<!-- \/ Yoast SEO plugin. -->","yoast_head_json":{"title":"Mentions l\u00e9gales - Room&#039;s chez BeNi in Gr\u00e4chen","robots":{"index":"index","follow":"follow","max-snippet":"max-snippet:-1","max-image-preview":"max-image-preview:large","max-video-preview":"max-video-preview:-1"},"canonical":"https:\/\/chez-beni.ch\/fr\/mentions-legales\/","og_locale":"fr_FR","og_type":"article","og_title":"Mentions l\u00e9gales - Room&#039;s chez BeNi in Gr\u00e4chen","og_description":"Mentions l\u00e9gales Instance responsable :Chez BeNi GmbHMaison du Grand-Ma\u00eetre 4563925 Gr\u00e4chenSuisseCourrier \u00e9lectronique: info@chez-beni.ch Personnes autoris\u00e9es \u00e0 repr\u00e9senter l'associationAlexander Vinzenz Hans Ris Nom de l'entreprise: Chez BeNi GmbHNum\u00e9ro d'enregistrement: CHE-402.462.193Num\u00e9ro d'identification de la taxe sur le chiffre d'affaires: CHE-402.462.193 TVA Clause de non-responsabilit\u00e9L'auteur ne garantit pas l'exactitude, la pr\u00e9cision, l'actualit\u00e9, la fiabilit\u00e9 et l'exhaustivit\u00e9 des informations.L'auteur [&hellip;]","og_url":"https:\/\/chez-beni.ch\/fr\/mentions-legales\/","og_site_name":"Room&#039;s chez BeNi in Gr\u00e4chen","article_publisher":"https:\/\/www.facebook.com\/rooms.chezbeni.1","article_modified_time":"2023-12-05T15:31:04+00:00","twitter_card":"summary_large_image","twitter_misc":{"Dur\u00e9e de lecture estim\u00e9e":"2 minutes"},"schema":{"@context":"https:\/\/schema.org","@graph":[{"@type":"WebPage","@id":"https:\/\/chez-beni.ch\/fr\/mentions-legales\/","url":"https:\/\/chez-beni.ch\/fr\/mentions-legales\/","name":"Mentions l\u00e9gales - Room&#039;s chez BeNi in Gr\u00e4chen","isPartOf":{"@id":"https:\/\/chez-beni.ch\/fr\/#website"},"datePublished":"2023-12-04T19:35:10+00:00","dateModified":"2023-12-05T15:31:04+00:00","breadcrumb":{"@id":"https:\/\/chez-beni.ch\/fr\/mentions-legales\/#breadcrumb"},"inLanguage":"fr-FR","potentialAction":[{"@type":"ReadAction","target":["https:\/\/chez-beni.ch\/fr\/mentions-legales\/"]}]},{"@type":"BreadcrumbList","@id":"https:\/\/chez-beni.ch\/fr\/mentions-legales\/#breadcrumb","itemListElement":[{"@type":"ListItem","position":1,"name":"Startseite","item":"https:\/\/chez-beni.ch\/fr\/"},{"@type":"ListItem","position":2,"name":"Mentions l\u00e9gales"}]},{"@type":"WebSite","@id":"https:\/\/chez-beni.ch\/fr\/#website","url":"https:\/\/chez-beni.ch\/fr\/","name":"Room&#039;s chez BeNi in Gr\u00e4chen","description":"","publisher":{"@id":"https:\/\/chez-beni.ch\/fr\/#organization"},"potentialAction":[{"@type":"SearchAction","target":{"@type":"EntryPoint","urlTemplate":"https:\/\/chez-beni.ch\/fr\/?s={search_term_string}"},"query-input":{"@type":"PropertyValueSpecification","valueRequired":true,"valueName":"search_term_string"}}],"inLanguage":"fr-FR"},{"@type":"Organization","@id":"https:\/\/chez-beni.ch\/fr\/#organization","name":"Room&#039;s chez BeNi in Gr\u00e4chen","url":"https:\/\/chez-beni.ch\/fr\/","logo":{"@type":"ImageObject","inLanguage":"fr-FR","@id":"https:\/\/chez-beni.ch\/fr\/#\/schema\/logo\/image\/","url":"https:\/\/chez-beni.ch\/wp-content\/uploads\/2023\/08\/favicon.png","contentUrl":"https:\/\/chez-beni.ch\/wp-content\/uploads\/2023\/08\/favicon.png","width":310,"height":310,"caption":"Room&#039;s chez BeNi in Gr\u00e4chen"},"image":{"@id":"https:\/\/chez-beni.ch\/fr\/#\/schema\/logo\/image\/"},"sameAs":["https:\/\/www.facebook.com\/rooms.chezbeni.1","https:\/\/www.instagram.com\/chez_beni\/"]}]}},"uagb_featured_image_src":{"full":false,"thumbnail":false,"medium":false,"medium_large":false,"large":false,"1536x1536":false,"2048x2048":false},"uagb_author_info":{"display_name":"admin","author_link":"https:\/\/chez-beni.ch\/fr\/author\/adminicheben\/"},"uagb_comment_info":0,"uagb_excerpt":"Mentions l\u00e9gales Instance responsable :Chez BeNi GmbHMaison du Grand-Ma\u00eetre 4563925 Gr\u00e4chenSuisseCourrier \u00e9lectronique: info@chez-beni.ch Personnes autoris\u00e9es \u00e0 repr\u00e9senter l'associationAlexander Vinzenz Hans Ris Nom de l'entreprise: Chez BeNi GmbHNum\u00e9ro d'enregistrement: CHE-402.462.193Num\u00e9ro d'identification de la taxe sur le chiffre d'affaires: CHE-402.462.193 TVA Clause de non-responsabilit\u00e9L'auteur ne garantit pas l'exactitude, la pr\u00e9cision, l'actualit\u00e9, la fiabilit\u00e9 et l'exhaustivit\u00e9 des informations.L'auteur\u2026","_links":{"self":[{"href":"https:\/\/chez-beni.ch\/fr\/wp-json\/wp\/v2\/pages\/460","targetHints":{"allow":["GET"]}}],"collection":[{"href":"https:\/\/chez-beni.ch\/fr\/wp-json\/wp\/v2\/pages"}],"about":[{"href":"https:\/\/chez-beni.ch\/fr\/wp-json\/wp\/v2\/types\/page"}],"author":[{"embeddable":true,"href":"https:\/\/chez-beni.ch\/fr\/wp-json\/wp\/v2\/users\/1"}],"replies":[{"embeddable":true,"href":"https:\/\/chez-beni.ch\/fr\/wp-json\/wp\/v2\/comments?post=460"}],"version-history":[{"count":1,"href":"https:\/\/chez-beni.ch\/fr\/wp-json\/wp\/v2\/pages\/460\/revisions"}],"predecessor-version":[{"id":462,"href":"https:\/\/chez-beni.ch\/fr\/wp-json\/wp\/v2\/pages\/460\/revisions\/462"}],"wp:attachment":[{"href":"https:\/\/chez-beni.ch\/fr\/wp-json\/wp\/v2\/media?parent=460"}],"curies":[{"name":"wp","href":"https:\/\/api.w.org\/{rel}","templated":true}]}}