{"id":449,"date":"2023-12-04T19:35:10","date_gmt":"2023-12-04T19:35:10","guid":{"rendered":"https:\/\/chez-beni.ch\/imprint\/"},"modified":"2024-08-28T12:40:04","modified_gmt":"2024-08-28T12:40:04","slug":"imprint","status":"publish","type":"page","link":"https:\/\/chez-beni.ch\/en\/imprint\/","title":{"rendered":"Imprint"},"content":{"rendered":"\n<div class=\"wp-block-uagb-container uagb-block-f75f1be2 alignfull uagb-is-root-container\"><div class=\"uagb-container-inner-blocks-wrap\">\n<div class=\"wp-block-uagb-container uagb-block-fe023c0d\">\n<h1 class=\"wp-block-heading has-contrast-color has-text-color\">Imprint<\/h1>\n<\/div>\n<\/div><\/div>\n\n<div class=\"wp-block-uagb-container uagb-block-7ff8fe87 alignfull uagb-is-root-container\"><div class=\"uagb-container-inner-blocks-wrap\">\n<div class=\"wp-block-uagb-container uagb-block-493a7e43\">\n<p><strong>Responsible authority:<\/strong><br\/>Chez BeNi GmbH<br\/>Grossmeierschh\u00fcs 456<br\/>3925 Gr\u00e4chen<br\/>Switzerland<br\/><strong>E-Mail<\/strong>: <a href=\"mailto:info@chez-beni.ch\">info@chez-beni.ch<\/a><\/p>\n\n\n\n<p><strong>Persons authorized to represent the company<\/strong><br\/>Alexander Vinzenz Hans Ris<\/p>\n\n\n\n<p><strong>Company name<\/strong>: Chez BeNi GmbH<br\/><strong>Registration number<\/strong>: CHE-402.462.193<br\/><strong>VAT identification number<\/strong>: CHE-402.462.193 VAT<\/p>\n\n\n\n<p><strong>Disclaimer<\/strong><br\/>The author assumes no liability for the correctness, accuracy, timeliness, reliability and completeness of the information.<br\/>Liability claims against the author for material or immaterial damage resulting from access to or use or non-use of the published information, misuse of the connection or technical faults are excluded.<\/p>\n\n\n\n<p>All offers are subject to change. The author expressly reserves the right to change, supplement or delete parts of the pages or the entire offer without prior notice or to cease publication temporarily or permanently.<\/p>\n\n\n\n<p><strong>Disclaimer for content and links<\/strong><br\/>References and links to third-party websites are outside our area of responsibility. Any responsibility for such websites is rejected. Access to and use of such websites is at the user's own risk.<\/p>\n\n\n\n<p><strong>Copyright declaration<\/strong><br\/>The copyright and all other rights to content, images, photos or other files on this website belong exclusively to Chez BeNi GmbH or the specifically named rights holders. The written consent of the copyright holder must be obtained in advance for the reproduction of any elements.<\/p>\n\n\n\n<p><strong>Source<\/strong>: <a href=\"https:\/\/brainbox.swiss\/\">BrainBox Solutions<\/a><\/p>\n\n\n\n<div style=\"height:50px\" aria-hidden=\"true\" class=\"wp-block-spacer\"><\/div>\n\n\n\n<h2 class=\"wp-block-heading\">Web design from the Upper Valais<\/h2>\n\n\n\n<p><a href=\"https:\/\/www.augensaft.com\" target=\"_blank\" rel=\"noreferrer noopener\">www.augensaft.com<\/a><\/p>\n<\/div>\n<\/div><\/div>\n","protected":false},"excerpt":{"rendered":"<p>Imprint Responsible authority:Chez BeNi GmbHGrossmeierschh\u00fcs 4563925 Gr\u00e4chenSwitzerlandE-Mail: info@chez-beni.ch Persons authorized to represent the companyAlexander Vinzenz Hans Ris Company name: Chez BeNi GmbHRegistration number: CHE-402.462.193VAT identification number: CHE-402.462.193 VAT DisclaimerThe author assumes no liability for the correctness, accuracy, timeliness, reliability and completeness of the information.Liability claims against the author for material or immaterial damage resulting from [&hellip;]<\/p>\n","protected":false},"author":1,"featured_media":0,"parent":0,"menu_order":0,"comment_status":"closed","ping_status":"closed","template":"","meta":{"inline_featured_image":false,"_uag_custom_page_level_css":"","footnotes":""},"class_list":["post-449","page","type-page","status-publish","hentry"],"yoast_head":"<!-- This site is optimized with the Yoast SEO plugin v27.2 - https:\/\/yoast.com\/product\/yoast-seo-wordpress\/ -->\n<title>Imprint - Room&#039;s chez BeNi in Gr\u00e4chen<\/title>\n<meta name=\"robots\" content=\"index, follow, max-snippet:-1, max-image-preview:large, max-video-preview:-1\" \/>\n<link rel=\"canonical\" href=\"https:\/\/chez-beni.ch\/en\/imprint\/\" \/>\n<meta property=\"og:locale\" content=\"en_US\" \/>\n<meta property=\"og:type\" content=\"article\" \/>\n<meta property=\"og:title\" content=\"Imprint - Room&#039;s chez BeNi in Gr\u00e4chen\" \/>\n<meta property=\"og:description\" content=\"Imprint Responsible authority:Chez BeNi GmbHGrossmeierschh\u00fcs 4563925 Gr\u00e4chenSwitzerlandE-Mail: info@chez-beni.ch Persons authorized to represent the companyAlexander Vinzenz Hans Ris Company name: Chez BeNi GmbHRegistration number: CHE-402.462.193VAT identification number: CHE-402.462.193 VAT DisclaimerThe author assumes no liability for the correctness, accuracy, timeliness, reliability and completeness of the information.Liability claims against the author for material or immaterial damage resulting from [&hellip;]\" \/>\n<meta property=\"og:url\" content=\"https:\/\/chez-beni.ch\/en\/imprint\/\" \/>\n<meta property=\"og:site_name\" content=\"Room&#039;s chez BeNi in Gr\u00e4chen\" \/>\n<meta property=\"article:publisher\" content=\"https:\/\/www.facebook.com\/rooms.chezbeni.1\" \/>\n<meta property=\"article:modified_time\" content=\"2024-08-28T12:40:04+00:00\" \/>\n<meta name=\"twitter:card\" content=\"summary_large_image\" \/>\n<meta name=\"twitter:label1\" content=\"Est. reading time\" \/>\n\t<meta name=\"twitter:data1\" content=\"2 minutes\" \/>\n<script type=\"application\/ld+json\" class=\"yoast-schema-graph\">{\"@context\":\"https:\/\/schema.org\",\"@graph\":[{\"@type\":\"WebPage\",\"@id\":\"https:\/\/chez-beni.ch\/en\/imprint\/\",\"url\":\"https:\/\/chez-beni.ch\/en\/imprint\/\",\"name\":\"Imprint - Room&#039;s chez BeNi in Gr\u00e4chen\",\"isPartOf\":{\"@id\":\"https:\/\/chez-beni.ch\/en\/#website\"},\"datePublished\":\"2023-12-04T19:35:10+00:00\",\"dateModified\":\"2024-08-28T12:40:04+00:00\",\"breadcrumb\":{\"@id\":\"https:\/\/chez-beni.ch\/en\/imprint\/#breadcrumb\"},\"inLanguage\":\"en-US\",\"potentialAction\":[{\"@type\":\"ReadAction\",\"target\":[\"https:\/\/chez-beni.ch\/en\/imprint\/\"]}]},{\"@type\":\"BreadcrumbList\",\"@id\":\"https:\/\/chez-beni.ch\/en\/imprint\/#breadcrumb\",\"itemListElement\":[{\"@type\":\"ListItem\",\"position\":1,\"name\":\"Startseite\",\"item\":\"https:\/\/chez-beni.ch\/en\/\"},{\"@type\":\"ListItem\",\"position\":2,\"name\":\"Imprint\"}]},{\"@type\":\"WebSite\",\"@id\":\"https:\/\/chez-beni.ch\/en\/#website\",\"url\":\"https:\/\/chez-beni.ch\/en\/\",\"name\":\"Room&#039;s chez BeNi in Gr\u00e4chen\",\"description\":\"\",\"publisher\":{\"@id\":\"https:\/\/chez-beni.ch\/en\/#organization\"},\"potentialAction\":[{\"@type\":\"SearchAction\",\"target\":{\"@type\":\"EntryPoint\",\"urlTemplate\":\"https:\/\/chez-beni.ch\/en\/?s={search_term_string}\"},\"query-input\":{\"@type\":\"PropertyValueSpecification\",\"valueRequired\":true,\"valueName\":\"search_term_string\"}}],\"inLanguage\":\"en-US\"},{\"@type\":\"Organization\",\"@id\":\"https:\/\/chez-beni.ch\/en\/#organization\",\"name\":\"Room&#039;s chez BeNi in Gr\u00e4chen\",\"url\":\"https:\/\/chez-beni.ch\/en\/\",\"logo\":{\"@type\":\"ImageObject\",\"inLanguage\":\"en-US\",\"@id\":\"https:\/\/chez-beni.ch\/en\/#\/schema\/logo\/image\/\",\"url\":\"https:\/\/chez-beni.ch\/wp-content\/uploads\/2023\/08\/favicon.png\",\"contentUrl\":\"https:\/\/chez-beni.ch\/wp-content\/uploads\/2023\/08\/favicon.png\",\"width\":310,\"height\":310,\"caption\":\"Room&#039;s chez BeNi in Gr\u00e4chen\"},\"image\":{\"@id\":\"https:\/\/chez-beni.ch\/en\/#\/schema\/logo\/image\/\"},\"sameAs\":[\"https:\/\/www.facebook.com\/rooms.chezbeni.1\",\"https:\/\/www.instagram.com\/chez_beni\/\"]}]}<\/script>\n<!-- \/ Yoast SEO plugin. -->","yoast_head_json":{"title":"Imprint - Room&#039;s chez BeNi in Gr\u00e4chen","robots":{"index":"index","follow":"follow","max-snippet":"max-snippet:-1","max-image-preview":"max-image-preview:large","max-video-preview":"max-video-preview:-1"},"canonical":"https:\/\/chez-beni.ch\/en\/imprint\/","og_locale":"en_US","og_type":"article","og_title":"Imprint - Room&#039;s chez BeNi in Gr\u00e4chen","og_description":"Imprint Responsible authority:Chez BeNi GmbHGrossmeierschh\u00fcs 4563925 Gr\u00e4chenSwitzerlandE-Mail: info@chez-beni.ch Persons authorized to represent the companyAlexander Vinzenz Hans Ris Company name: Chez BeNi GmbHRegistration number: CHE-402.462.193VAT identification number: CHE-402.462.193 VAT DisclaimerThe author assumes no liability for the correctness, accuracy, timeliness, reliability and completeness of the information.Liability claims against the author for material or immaterial damage resulting from [&hellip;]","og_url":"https:\/\/chez-beni.ch\/en\/imprint\/","og_site_name":"Room&#039;s chez BeNi in Gr\u00e4chen","article_publisher":"https:\/\/www.facebook.com\/rooms.chezbeni.1","article_modified_time":"2024-08-28T12:40:04+00:00","twitter_card":"summary_large_image","twitter_misc":{"Est. reading time":"2 minutes"},"schema":{"@context":"https:\/\/schema.org","@graph":[{"@type":"WebPage","@id":"https:\/\/chez-beni.ch\/en\/imprint\/","url":"https:\/\/chez-beni.ch\/en\/imprint\/","name":"Imprint - Room&#039;s chez BeNi in Gr\u00e4chen","isPartOf":{"@id":"https:\/\/chez-beni.ch\/en\/#website"},"datePublished":"2023-12-04T19:35:10+00:00","dateModified":"2024-08-28T12:40:04+00:00","breadcrumb":{"@id":"https:\/\/chez-beni.ch\/en\/imprint\/#breadcrumb"},"inLanguage":"en-US","potentialAction":[{"@type":"ReadAction","target":["https:\/\/chez-beni.ch\/en\/imprint\/"]}]},{"@type":"BreadcrumbList","@id":"https:\/\/chez-beni.ch\/en\/imprint\/#breadcrumb","itemListElement":[{"@type":"ListItem","position":1,"name":"Startseite","item":"https:\/\/chez-beni.ch\/en\/"},{"@type":"ListItem","position":2,"name":"Imprint"}]},{"@type":"WebSite","@id":"https:\/\/chez-beni.ch\/en\/#website","url":"https:\/\/chez-beni.ch\/en\/","name":"Room&#039;s chez BeNi in Gr\u00e4chen","description":"","publisher":{"@id":"https:\/\/chez-beni.ch\/en\/#organization"},"potentialAction":[{"@type":"SearchAction","target":{"@type":"EntryPoint","urlTemplate":"https:\/\/chez-beni.ch\/en\/?s={search_term_string}"},"query-input":{"@type":"PropertyValueSpecification","valueRequired":true,"valueName":"search_term_string"}}],"inLanguage":"en-US"},{"@type":"Organization","@id":"https:\/\/chez-beni.ch\/en\/#organization","name":"Room&#039;s chez BeNi in Gr\u00e4chen","url":"https:\/\/chez-beni.ch\/en\/","logo":{"@type":"ImageObject","inLanguage":"en-US","@id":"https:\/\/chez-beni.ch\/en\/#\/schema\/logo\/image\/","url":"https:\/\/chez-beni.ch\/wp-content\/uploads\/2023\/08\/favicon.png","contentUrl":"https:\/\/chez-beni.ch\/wp-content\/uploads\/2023\/08\/favicon.png","width":310,"height":310,"caption":"Room&#039;s chez BeNi in Gr\u00e4chen"},"image":{"@id":"https:\/\/chez-beni.ch\/en\/#\/schema\/logo\/image\/"},"sameAs":["https:\/\/www.facebook.com\/rooms.chezbeni.1","https:\/\/www.instagram.com\/chez_beni\/"]}]}},"uagb_featured_image_src":{"full":false,"thumbnail":false,"medium":false,"medium_large":false,"large":false,"1536x1536":false,"2048x2048":false},"uagb_author_info":{"display_name":"admin","author_link":"https:\/\/chez-beni.ch\/en\/author\/adminicheben\/"},"uagb_comment_info":0,"uagb_excerpt":"Imprint Responsible authority:Chez BeNi GmbHGrossmeierschh\u00fcs 4563925 Gr\u00e4chenSwitzerlandE-Mail: info@chez-beni.ch Persons authorized to represent the companyAlexander Vinzenz Hans Ris Company name: Chez BeNi GmbHRegistration number: CHE-402.462.193VAT identification number: CHE-402.462.193 VAT DisclaimerThe author assumes no liability for the correctness, accuracy, timeliness, reliability and completeness of the information.Liability claims against the author for material or immaterial damage resulting from&hellip;","_links":{"self":[{"href":"https:\/\/chez-beni.ch\/en\/wp-json\/wp\/v2\/pages\/449","targetHints":{"allow":["GET"]}}],"collection":[{"href":"https:\/\/chez-beni.ch\/en\/wp-json\/wp\/v2\/pages"}],"about":[{"href":"https:\/\/chez-beni.ch\/en\/wp-json\/wp\/v2\/types\/page"}],"author":[{"embeddable":true,"href":"https:\/\/chez-beni.ch\/en\/wp-json\/wp\/v2\/users\/1"}],"replies":[{"embeddable":true,"href":"https:\/\/chez-beni.ch\/en\/wp-json\/wp\/v2\/comments?post=449"}],"version-history":[{"count":8,"href":"https:\/\/chez-beni.ch\/en\/wp-json\/wp\/v2\/pages\/449\/revisions"}],"predecessor-version":[{"id":634,"href":"https:\/\/chez-beni.ch\/en\/wp-json\/wp\/v2\/pages\/449\/revisions\/634"}],"wp:attachment":[{"href":"https:\/\/chez-beni.ch\/en\/wp-json\/wp\/v2\/media?parent=449"}],"curies":[{"name":"wp","href":"https:\/\/api.w.org\/{rel}","templated":true}]}}